{"id":104,"date":"2018-04-13T18:50:52","date_gmt":"2018-04-13T16:50:52","guid":{"rendered":"http:\/\/benkhamsa.com\/?page_id=104"},"modified":"2018-04-16T13:58:26","modified_gmt":"2018-04-16T11:58:26","slug":"domaines-et-competences","status":"publish","type":"page","link":"http:\/\/www.benkhamsa.com\/index.php\/domaines-et-competences\/","title":{"rendered":"DOMAINES ET COMP\u00c9TENCES"},"content":{"rendered":"<div class=\"row\" style=\"text-align: center;\">\n<div class=\"col-md-8 col-md-offset-2\" style=\"text-align: center;\"><\/div>\n<\/div>\n<div class=\"hestia-features-content\" title=\"Maj+clic pour modifier cet \u00e9l\u00e9ment.\" style=\"text-align: center;\">\n<div class=\"row\">\n<div class=\"col-xs-12 col-md-4 feature-box\" style=\"text-align: center;\">\n<div class=\"hestia-info\">\n<h4 class=\"info-title\"><span style=\"color: #000000;\">CONSEIL<\/span><\/h4>\n<p>Notre cabinet intervient r\u00e9guli\u00e8rement pour conseiller une client\u00e8le locale et \u00e9trang\u00e8re sur diff\u00e9rentes op\u00e9rations de cr\u00e9ation d&rsquo;entreprises, d&rsquo;investissement ou de restructuration.<\/p>\n<p>Nos interventions couvrent l&rsquo;ensemble des domaines touchant \u00e0 la vie de l&rsquo;entreprise : droit des soci\u00e9t\u00e9s, baux commerciaux, droit social, droit fiscal.<\/p>\n<\/div>\n<\/div>\n<div class=\"col-xs-12 col-md-4 feature-box\" style=\"text-align: left;\">\n<div class=\"hestia-info\">\n<h4 class=\"info-title\" style=\"text-align: center;\"><span style=\"color: #000000;\">CONTENTIEUX<\/span><\/h4>\n<p style=\"text-align: center;\">Notre cabinet s&rsquo;est forg\u00e9 une r\u00e9putation d&rsquo;excellence devant les diff\u00e9rentes juridictions du fait de l&rsquo;importance que nous accordons \u00e0 notre activit\u00e9 contentieuse.<\/p>\n<p style=\"text-align: center;\">Nous intervenons tant pour le compte de professionnels que de particuliers dans des litiges aff\u00e9rents au : droit des affaires, droit bancaire et financier, droit p\u00e9nal des affaires, droit du travail.<\/p>\n<\/div>\n<\/div>\n<\/div>\n<\/div>\n","protected":false},"excerpt":{"rendered":"<p>CONSEIL Notre cabinet intervient r\u00e9guli\u00e8rement pour conseiller une client\u00e8le locale et \u00e9trang\u00e8re sur diff\u00e9rentes op\u00e9rations de cr\u00e9ation d&rsquo;entreprises, d&rsquo;investissement ou de restructuration. Nos interventions couvrent l&rsquo;ensemble des domaines touchant \u00e0 la vie de l&rsquo;entreprise : droit des soci\u00e9t\u00e9s, baux commerciaux, droit social, droit fiscal. CONTENTIEUX Notre cabinet s&rsquo;est forg\u00e9 une<a class=\"moretag\" href=\"http:\/\/www.benkhamsa.com\/index.php\/domaines-et-competences\/\"> Lire la suite<\/a><\/p>\n","protected":false},"author":1,"featured_media":109,"parent":0,"menu_order":0,"comment_status":"closed","ping_status":"closed","template":"page-templates\/template-fullwidth.php","meta":[],"_links":{"self":[{"href":"http:\/\/www.benkhamsa.com\/index.php\/wp-json\/wp\/v2\/pages\/104"}],"collection":[{"href":"http:\/\/www.benkhamsa.com\/index.php\/wp-json\/wp\/v2\/pages"}],"about":[{"href":"http:\/\/www.benkhamsa.com\/index.php\/wp-json\/wp\/v2\/types\/page"}],"author":[{"embeddable":true,"href":"http:\/\/www.benkhamsa.com\/index.php\/wp-json\/wp\/v2\/users\/1"}],"replies":[{"embeddable":true,"href":"http:\/\/www.benkhamsa.com\/index.php\/wp-json\/wp\/v2\/comments?post=104"}],"version-history":[{"count":12,"href":"http:\/\/www.benkhamsa.com\/index.php\/wp-json\/wp\/v2\/pages\/104\/revisions"}],"predecessor-version":[{"id":173,"href":"http:\/\/www.benkhamsa.com\/index.php\/wp-json\/wp\/v2\/pages\/104\/revisions\/173"}],"wp:featuredmedia":[{"embeddable":true,"href":"http:\/\/www.benkhamsa.com\/index.php\/wp-json\/wp\/v2\/media\/109"}],"wp:attachment":[{"href":"http:\/\/www.benkhamsa.com\/index.php\/wp-json\/wp\/v2\/media?parent=104"}],"curies":[{"name":"wp","href":"https:\/\/api.w.org\/{rel}","templated":true}]}}